{"id":1159,"date":"2016-03-12T17:12:49","date_gmt":"2016-03-12T17:12:49","guid":{"rendered":"https:\/\/regateslarochejaune.org\/?page_id=1159"},"modified":"2024-10-07T07:59:55","modified_gmt":"2024-10-07T06:59:55","slug":"nos-videos","status":"publish","type":"page","link":"https:\/\/regateslarochejaune.org\/?page_id=1159","title":{"rendered":"Vid\u00e9os"},"content":{"rendered":"<h2 style=\"text-align: center;\">Ci-dessous quelques vid\u00e9os des derni\u00e8res \u00e9ditions<\/h2>\n<p>Vous pouvez r\u00e9gler la qualit\u00e9 de l&rsquo;affichage de la vid\u00e9o \u00e0 l&rsquo;aide de la roue crant\u00e9e en bas \u00e0 droite de la vid\u00e9o.<\/p>\n<h2 style=\"padding-left: 80px;\"><a href=\"https:\/\/photos.app.goo.gl\/Dq2PaUB7E1MVWb4N6\" target=\"_blank\" rel=\"noopener\">2024 Le Louarn David (Vue drone)<\/a><\/h2>\n<h2 style=\"padding-left: 80px;\"><a href=\"https:\/\/photos.app.goo.gl\/T82FcZirfPqTZ7STA\" target=\"_blank\" rel=\"noopener noreferrer\">2019 R\u00e9gates vues d&rsquo;un Drone<\/a><\/h2>\n<h2 style=\"text-align: center;\"><a href=\"https:\/\/photos.app.goo.gl\/ARBvQUQphGaZJhBAA\" target=\"_blank\" rel=\"noopener noreferrer\">2018 R\u00e9gates La Roche Jaune<\/a><\/h2>\n<h2 style=\"text-align: center;\"><a href=\"https:\/\/photos.app.goo.gl\/ZbLvY7SdD51JDX1e2\" target=\"_blank\" rel=\"noopener noreferrer\">2017 R\u00e9gates La Roche Jaune<\/a><\/h2>\n<h2 style=\"text-align: center;\"><a href=\"https:\/\/photos.app.goo.gl\/Kp2FfL0A005aGpNu2\" target=\"_blank\" rel=\"noopener noreferrer\">2016 R\u00e9gates La Roche Jaune<\/a><\/h2>\n<h2 style=\"text-align: center;\"><a href=\"https:\/\/photos.app.goo.gl\/l3NQsTTQmUvdycR82\" target=\"_blank\" rel=\"noopener noreferrer\">2014 R\u00e9gates La Roche Jaune<\/a><\/h2>\n<h2 style=\"text-align: center;\"><a href=\"https:\/\/photos.app.goo.gl\/BLj3Zoswc0sHC6Hp1\" target=\"_blank\" rel=\"noopener noreferrer\">2013 R\u00e9gates La Roche Jaune<\/a><\/h2>\n<h2 style=\"text-align: center;\"><a href=\"https:\/\/photos.app.goo.gl\/F1rtAFwL253TdPtp1\" target=\"_blank\" rel=\"noopener noreferrer\">2012 R\u00e9gates La Roche Jaune<\/a><\/h2>\n<h2 style=\"text-align: center;\"><a href=\"https:\/\/photos.app.goo.gl\/qzVfTtp9IqFnmBfC3\" target=\"_blank\" rel=\"noopener noreferrer\">2011 R\u00e9gates La Roche Jaune<\/a><\/h2>\n<h2 style=\"text-align: center;\"><a href=\"https:\/\/photos.app.goo.gl\/bZecs8qoRFTsYNzi1\" target=\"_blank\" rel=\"noopener noreferrer\">2006 R\u00e9gates La Roche Jaune<\/a><\/h2>\n<h2 style=\"text-align: center;\"><a href=\"https:\/\/photos.app.goo.gl\/AhICUVzDhw9ZlVzs2\" target=\"_blank\" rel=\"noopener noreferrer\">2005 R\u00e9gates La Roche Jaune<\/a><\/h2>\n<h2 style=\"text-align: center;\"><a href=\"https:\/\/photos.app.goo.gl\/CGuonoanFsXHD0IC3\" target=\"_blank\" rel=\"noopener noreferrer\">2004 R\u00e9gates La Roche Jaune<\/a><\/h2>\n<h2 style=\"text-align: center;\"><a href=\"https:\/\/photos.app.goo.gl\/GKQOoD0HgoGzK7OS2\" target=\"_blank\" rel=\"noopener noreferrer\">2003 R\u00e9gates La Roche Jaune<\/a><\/h2>\n<h2 style=\"text-align: center;\"><a href=\"https:\/\/photos.app.goo.gl\/VR8PUMHS2jzqgw0v1\" target=\"_blank\" rel=\"noopener noreferrer\">2002 R\u00e9gates La Roche Jaune<\/a><\/h2>\n<p>&nbsp;<\/p>\n<p>&nbsp;<\/p>\n<p>&nbsp;<\/p>\n<p>&nbsp;<\/p>\n","protected":false},"excerpt":{"rendered":"<p>Ci-dessous quelques vid\u00e9os des derni\u00e8res \u00e9ditions Vous pouvez r\u00e9gler la qualit\u00e9 de l&rsquo;affichage de la vid\u00e9o \u00e0 l&rsquo;aide de la roue crant\u00e9e en bas \u00e0 droite de la vid\u00e9o. 2024 Le Louarn David (Vue drone) 2019 R\u00e9gates vues d&rsquo;un Drone 2018 R\u00e9gates La Roche Jaune 2017 R\u00e9gates La Roche Jaune 2016 R\u00e9gates La Roche Jaune &hellip; <a href=\"https:\/\/regateslarochejaune.org\/?page_id=1159\" class=\"more-link\">Continuer la lecture de <span class=\"screen-reader-text\">Vid\u00e9os<\/span>  <span class=\"meta-nav\">&rarr;<\/span><\/a><\/p>\n","protected":false},"author":1,"featured_media":0,"parent":159,"menu_order":0,"comment_status":"closed","ping_status":"closed","template":"","meta":{"ngg_post_thumbnail":0,"jetpack_post_was_ever_published":false,"footnotes":""},"class_list":["post-1159","page","type-page","status-publish","hentry"],"jetpack_sharing_enabled":true,"jetpack_shortlink":"https:\/\/wp.me\/P7hZRC-iH","jetpack-related-posts":[],"jetpack_likes_enabled":true,"_links":{"self":[{"href":"https:\/\/regateslarochejaune.org\/index.php?rest_route=\/wp\/v2\/pages\/1159","targetHints":{"allow":["GET"]}}],"collection":[{"href":"https:\/\/regateslarochejaune.org\/index.php?rest_route=\/wp\/v2\/pages"}],"about":[{"href":"https:\/\/regateslarochejaune.org\/index.php?rest_route=\/wp\/v2\/types\/page"}],"author":[{"embeddable":true,"href":"https:\/\/regateslarochejaune.org\/index.php?rest_route=\/wp\/v2\/users\/1"}],"replies":[{"embeddable":true,"href":"https:\/\/regateslarochejaune.org\/index.php?rest_route=%2Fwp%2Fv2%2Fcomments&post=1159"}],"version-history":[{"count":29,"href":"https:\/\/regateslarochejaune.org\/index.php?rest_route=\/wp\/v2\/pages\/1159\/revisions"}],"predecessor-version":[{"id":5019,"href":"https:\/\/regateslarochejaune.org\/index.php?rest_route=\/wp\/v2\/pages\/1159\/revisions\/5019"}],"up":[{"embeddable":true,"href":"https:\/\/regateslarochejaune.org\/index.php?rest_route=\/wp\/v2\/pages\/159"}],"wp:attachment":[{"href":"https:\/\/regateslarochejaune.org\/index.php?rest_route=%2Fwp%2Fv2%2Fmedia&parent=1159"}],"curies":[{"name":"wp","href":"https:\/\/api.w.org\/{rel}","templated":true}]}}